{"id":197,"date":"2024-02-20T09:38:11","date_gmt":"2024-02-20T14:38:11","guid":{"rendered":"https:\/\/mirageburlesque.com\/?page_id=197"},"modified":"2024-02-20T11:44:33","modified_gmt":"2024-02-20T16:44:33","slug":"code-vestimentaire","status":"publish","type":"page","link":"https:\/\/mirageburlesque.com\/fr\/code-vestimentaire\/","title":{"rendered":"Code vestimentaire"},"content":{"rendered":"<div class=\"wpb-content-wrapper\"><p>[vc_row][vc_column][vc_column_text]<\/p>\n<h1>Pr\u00e9parez-vous \u00e0 briller !! Le th\u00e8me est : Extravaganza, les ch\u00e9ris !<br \/>\nLe th\u00e8me est : Extravaganza, les ch\u00e9ris !<\/h1>\n<p>Le dress code pour Mirage Burlesque, c\u2019est oser le grandiose, l\u2019audacieux, le fabuleux ! Pensez au glamour d\u00e9mesur\u00e9, aux paillettes, aux plumes, et \u00e0 tout ce qui est fabuleux ! Nous pr\u00f4nons la positivit\u00e9 corporelle, alors soyez unique, cr\u00e9atif, et authentiquement vous-m\u00eame. Affirmez votre style et laissez votre personnalit\u00e9 rayonner ! Jetez un \u0153il \u00e0 notre tableau Pinterest pour des id\u00e9es : <a href=\"https:\/\/pin.it\/52CvVEVKP\" target=\"_blank\" rel=\"noopener\">https:\/\/pin.it\/52CvVEVKP<\/a><\/p>\n<p>\u00ab\u00a0Et \u00e0 bient\u00f4t de l&rsquo;autre c\u00f4t\u00e9 du Mirage.\u00a0\u00bb<\/p>\n<p>Sexy, Inclusif &amp; pour toujours Glamour \u2728[\/vc_column_text][vc_column_text]<a href=\"https:\/\/pin.it\/52CvVEVKP\" target=\"_blank\" rel=\"noopener\"><img decoding=\"async\" class=\"alignnone size-full wp-image-203\" src=\"https:\/\/mirageburlesque.com\/wp-content\/uploads\/2024\/02\/Mirage-Burlesque-Code-vestimentaire.jpg\" alt=\"Mirage Burlesque code vestimentaire\" width=\"1080\" height=\"1080\" srcset=\"https:\/\/mirageburlesque.com\/wp-content\/uploads\/2024\/02\/Mirage-Burlesque-Code-vestimentaire.jpg 1080w, https:\/\/mirageburlesque.com\/wp-content\/uploads\/2024\/02\/Mirage-Burlesque-Code-vestimentaire-300x300.jpg 300w, https:\/\/mirageburlesque.com\/wp-content\/uploads\/2024\/02\/Mirage-Burlesque-Code-vestimentaire-150x150.jpg 150w, https:\/\/mirageburlesque.com\/wp-content\/uploads\/2024\/02\/Mirage-Burlesque-Code-vestimentaire-768x768.jpg 768w\" sizes=\"(max-width: 1080px) 100vw, 1080px\" \/><\/a><\/p>\n<p>*AUCUNE tenue d\u00e9contract\u00e9e ou streetwear NE SERA AUTORIS\u00c9E*[\/vc_column_text][vc_btn title=\u00a0\u00bbTABLEAU PINTEREST\u00a0\u00bb style=\u00a0\u00bboutline-custom\u00a0\u00bb outline_custom_color=\u00a0\u00bb#d3872e\u00a0\u00bb outline_custom_hover_background=\u00a0\u00bb#11098d\u00a0\u00bb outline_custom_hover_text=\u00a0\u00bb#d3872e\u00a0\u00bb shape=\u00a0\u00bbsquare\u00a0\u00bb size=\u00a0\u00bblg\u00a0\u00bb i_icon_fontawesome=\u00a0\u00bbfab fa-pinterest\u00a0\u00bb add_icon=\u00a0\u00bbtrue\u00a0\u00bb link=\u00a0\u00bburl:https%3A%2F%2Fpin.it%2F52CvVEVKP|target:_blank\u00a0\u00bb][\/vc_column][\/vc_row]<\/p>\n<\/div>","protected":false},"excerpt":{"rendered":"<p>[vc_row][vc_column][vc_column_text] Pr\u00e9parez-vous \u00e0 briller !! Le th\u00e8me est : Extravaganza, les ch\u00e9ris ! Le th\u00e8me est : Extravaganza, les ch\u00e9ris ! Le dress code pour Mirage Burlesque, c\u2019est oser le grandiose, l\u2019audacieux, le fabuleux ! Pensez au glamour d\u00e9mesur\u00e9, aux paillettes, aux plumes, et \u00e0 tout ce qui est fabuleux ! Nous pr\u00f4nons la positivit\u00e9&hellip;<\/p>\n","protected":false},"author":1,"featured_media":203,"parent":0,"menu_order":0,"comment_status":"closed","ping_status":"closed","template":"","meta":{"footnotes":""},"class_list":["post-197","page","type-page","status-publish","has-post-thumbnail","hentry","description-off"],"yoast_head":"<!-- This site is optimized with the Yoast SEO plugin v22.7 - https:\/\/yoast.com\/wordpress\/plugins\/seo\/ -->\n<title>Code vestimentaire - Foxy Lexxi Presents: Mirage Burlesque<\/title>\n<meta name=\"description\" content=\"Le code vestimentaire pour Mirage Burlesque Exp\u00e9rience, c&#039;est tout ce qui est grandiose, audacieux et fabuleux !\" \/>\n<meta name=\"robots\" content=\"index, follow, max-snippet:-1, max-image-preview:large, max-video-preview:-1\" \/>\n<link rel=\"canonical\" href=\"https:\/\/mirageburlesque.com\/fr\/code-vestimentaire\/\" \/>\n<meta property=\"og:locale\" content=\"fr_FR\" \/>\n<meta property=\"og:type\" content=\"article\" \/>\n<meta property=\"og:title\" content=\"Code vestimentaire - Foxy Lexxi Presents: Mirage Burlesque\" \/>\n<meta property=\"og:description\" content=\"Le code vestimentaire pour Mirage Burlesque Exp\u00e9rience, c&#039;est tout ce qui est grandiose, audacieux et fabuleux !\" \/>\n<meta property=\"og:url\" content=\"https:\/\/mirageburlesque.com\/fr\/code-vestimentaire\/\" \/>\n<meta property=\"og:site_name\" content=\"Foxy Lexxi Presents: Mirage Burlesque\" \/>\n<meta property=\"article:modified_time\" content=\"2024-02-20T16:44:33+00:00\" \/>\n<meta property=\"og:image\" content=\"https:\/\/mirageburlesque.com\/wp-content\/uploads\/2024\/02\/Mirage-Burlesque-Code-vestimentaire.jpg\" \/>\n\t<meta property=\"og:image:width\" content=\"1080\" \/>\n\t<meta property=\"og:image:height\" content=\"1080\" \/>\n\t<meta property=\"og:image:type\" content=\"image\/jpeg\" \/>\n<meta name=\"twitter:card\" content=\"summary_large_image\" \/>\n<meta name=\"twitter:label1\" content=\"Dur\u00e9e de lecture estim\u00e9e\" \/>\n\t<meta name=\"twitter:data1\" content=\"1 minute\" \/>\n<script type=\"application\/ld+json\" class=\"yoast-schema-graph\">{\"@context\":\"https:\/\/schema.org\",\"@graph\":[{\"@type\":\"WebPage\",\"@id\":\"https:\/\/mirageburlesque.com\/fr\/code-vestimentaire\/\",\"url\":\"https:\/\/mirageburlesque.com\/fr\/code-vestimentaire\/\",\"name\":\"Code vestimentaire - Foxy Lexxi Presents: Mirage Burlesque\",\"isPartOf\":{\"@id\":\"https:\/\/mirageburlesque.com\/fr\/#website\"},\"primaryImageOfPage\":{\"@id\":\"https:\/\/mirageburlesque.com\/fr\/code-vestimentaire\/#primaryimage\"},\"image\":{\"@id\":\"https:\/\/mirageburlesque.com\/fr\/code-vestimentaire\/#primaryimage\"},\"thumbnailUrl\":\"https:\/\/mirageburlesque.com\/wp-content\/uploads\/2024\/02\/Mirage-Burlesque-Code-vestimentaire.jpg\",\"datePublished\":\"2024-02-20T14:38:11+00:00\",\"dateModified\":\"2024-02-20T16:44:33+00:00\",\"description\":\"Le code vestimentaire pour Mirage Burlesque Exp\u00e9rience, c'est tout ce qui est grandiose, audacieux et fabuleux !\",\"breadcrumb\":{\"@id\":\"https:\/\/mirageburlesque.com\/fr\/code-vestimentaire\/#breadcrumb\"},\"inLanguage\":\"fr-FR\",\"potentialAction\":[{\"@type\":\"ReadAction\",\"target\":[\"https:\/\/mirageburlesque.com\/fr\/code-vestimentaire\/\"]}]},{\"@type\":\"ImageObject\",\"inLanguage\":\"fr-FR\",\"@id\":\"https:\/\/mirageburlesque.com\/fr\/code-vestimentaire\/#primaryimage\",\"url\":\"https:\/\/mirageburlesque.com\/wp-content\/uploads\/2024\/02\/Mirage-Burlesque-Code-vestimentaire.jpg\",\"contentUrl\":\"https:\/\/mirageburlesque.com\/wp-content\/uploads\/2024\/02\/Mirage-Burlesque-Code-vestimentaire.jpg\",\"width\":1080,\"height\":1080,\"caption\":\"Mirage Burlesque code vestimentaire\"},{\"@type\":\"BreadcrumbList\",\"@id\":\"https:\/\/mirageburlesque.com\/fr\/code-vestimentaire\/#breadcrumb\",\"itemListElement\":[{\"@type\":\"ListItem\",\"position\":1,\"name\":\"Home\",\"item\":\"https:\/\/mirageburlesque.com\/fr\/\"},{\"@type\":\"ListItem\",\"position\":2,\"name\":\"Code vestimentaire\"}]},{\"@type\":\"WebSite\",\"@id\":\"https:\/\/mirageburlesque.com\/fr\/#website\",\"url\":\"https:\/\/mirageburlesque.com\/fr\/\",\"name\":\"Foxy Lexxi Presents: Mirage Burlesque\",\"description\":\"Bal Burlesque Montr\u00e9al - Montreal Burlesque Ball\",\"publisher\":{\"@id\":\"https:\/\/mirageburlesque.com\/fr\/#organization\"},\"potentialAction\":[{\"@type\":\"SearchAction\",\"target\":{\"@type\":\"EntryPoint\",\"urlTemplate\":\"https:\/\/mirageburlesque.com\/fr\/?s={search_term_string}\"},\"query-input\":\"required name=search_term_string\"}],\"inLanguage\":\"fr-FR\"},{\"@type\":\"Organization\",\"@id\":\"https:\/\/mirageburlesque.com\/fr\/#organization\",\"name\":\"Mirage Burlesque\",\"url\":\"https:\/\/mirageburlesque.com\/fr\/\",\"logo\":{\"@type\":\"ImageObject\",\"inLanguage\":\"fr-FR\",\"@id\":\"https:\/\/mirageburlesque.com\/fr\/#\/schema\/logo\/image\/\",\"url\":\"https:\/\/mirageburlesque.com\/wp-content\/uploads\/2023\/10\/Bal-Burlesque-SEO-Logo.jpg\",\"contentUrl\":\"https:\/\/mirageburlesque.com\/wp-content\/uploads\/2023\/10\/Bal-Burlesque-SEO-Logo.jpg\",\"width\":800,\"height\":419,\"caption\":\"Mirage Burlesque\"},\"image\":{\"@id\":\"https:\/\/mirageburlesque.com\/fr\/#\/schema\/logo\/image\/\"}}]}<\/script>\n<!-- \/ Yoast SEO plugin. -->","yoast_head_json":{"title":"Code vestimentaire - Foxy Lexxi Presents: Mirage Burlesque","description":"Le code vestimentaire pour Mirage Burlesque Exp\u00e9rience, c'est tout ce qui est grandiose, audacieux et fabuleux !","robots":{"index":"index","follow":"follow","max-snippet":"max-snippet:-1","max-image-preview":"max-image-preview:large","max-video-preview":"max-video-preview:-1"},"canonical":"https:\/\/mirageburlesque.com\/fr\/code-vestimentaire\/","og_locale":"fr_FR","og_type":"article","og_title":"Code vestimentaire - Foxy Lexxi Presents: Mirage Burlesque","og_description":"Le code vestimentaire pour Mirage Burlesque Exp\u00e9rience, c'est tout ce qui est grandiose, audacieux et fabuleux !","og_url":"https:\/\/mirageburlesque.com\/fr\/code-vestimentaire\/","og_site_name":"Foxy Lexxi Presents: Mirage Burlesque","article_modified_time":"2024-02-20T16:44:33+00:00","og_image":[{"width":1080,"height":1080,"url":"https:\/\/mirageburlesque.com\/wp-content\/uploads\/2024\/02\/Mirage-Burlesque-Code-vestimentaire.jpg","type":"image\/jpeg"}],"twitter_card":"summary_large_image","twitter_misc":{"Dur\u00e9e de lecture estim\u00e9e":"1 minute"},"schema":{"@context":"https:\/\/schema.org","@graph":[{"@type":"WebPage","@id":"https:\/\/mirageburlesque.com\/fr\/code-vestimentaire\/","url":"https:\/\/mirageburlesque.com\/fr\/code-vestimentaire\/","name":"Code vestimentaire - Foxy Lexxi Presents: Mirage Burlesque","isPartOf":{"@id":"https:\/\/mirageburlesque.com\/fr\/#website"},"primaryImageOfPage":{"@id":"https:\/\/mirageburlesque.com\/fr\/code-vestimentaire\/#primaryimage"},"image":{"@id":"https:\/\/mirageburlesque.com\/fr\/code-vestimentaire\/#primaryimage"},"thumbnailUrl":"https:\/\/mirageburlesque.com\/wp-content\/uploads\/2024\/02\/Mirage-Burlesque-Code-vestimentaire.jpg","datePublished":"2024-02-20T14:38:11+00:00","dateModified":"2024-02-20T16:44:33+00:00","description":"Le code vestimentaire pour Mirage Burlesque Exp\u00e9rience, c'est tout ce qui est grandiose, audacieux et fabuleux !","breadcrumb":{"@id":"https:\/\/mirageburlesque.com\/fr\/code-vestimentaire\/#breadcrumb"},"inLanguage":"fr-FR","potentialAction":[{"@type":"ReadAction","target":["https:\/\/mirageburlesque.com\/fr\/code-vestimentaire\/"]}]},{"@type":"ImageObject","inLanguage":"fr-FR","@id":"https:\/\/mirageburlesque.com\/fr\/code-vestimentaire\/#primaryimage","url":"https:\/\/mirageburlesque.com\/wp-content\/uploads\/2024\/02\/Mirage-Burlesque-Code-vestimentaire.jpg","contentUrl":"https:\/\/mirageburlesque.com\/wp-content\/uploads\/2024\/02\/Mirage-Burlesque-Code-vestimentaire.jpg","width":1080,"height":1080,"caption":"Mirage Burlesque code vestimentaire"},{"@type":"BreadcrumbList","@id":"https:\/\/mirageburlesque.com\/fr\/code-vestimentaire\/#breadcrumb","itemListElement":[{"@type":"ListItem","position":1,"name":"Home","item":"https:\/\/mirageburlesque.com\/fr\/"},{"@type":"ListItem","position":2,"name":"Code vestimentaire"}]},{"@type":"WebSite","@id":"https:\/\/mirageburlesque.com\/fr\/#website","url":"https:\/\/mirageburlesque.com\/fr\/","name":"Foxy Lexxi Presents: Mirage Burlesque","description":"Bal Burlesque Montr\u00e9al - Montreal Burlesque Ball","publisher":{"@id":"https:\/\/mirageburlesque.com\/fr\/#organization"},"potentialAction":[{"@type":"SearchAction","target":{"@type":"EntryPoint","urlTemplate":"https:\/\/mirageburlesque.com\/fr\/?s={search_term_string}"},"query-input":"required name=search_term_string"}],"inLanguage":"fr-FR"},{"@type":"Organization","@id":"https:\/\/mirageburlesque.com\/fr\/#organization","name":"Mirage Burlesque","url":"https:\/\/mirageburlesque.com\/fr\/","logo":{"@type":"ImageObject","inLanguage":"fr-FR","@id":"https:\/\/mirageburlesque.com\/fr\/#\/schema\/logo\/image\/","url":"https:\/\/mirageburlesque.com\/wp-content\/uploads\/2023\/10\/Bal-Burlesque-SEO-Logo.jpg","contentUrl":"https:\/\/mirageburlesque.com\/wp-content\/uploads\/2023\/10\/Bal-Burlesque-SEO-Logo.jpg","width":800,"height":419,"caption":"Mirage Burlesque"},"image":{"@id":"https:\/\/mirageburlesque.com\/fr\/#\/schema\/logo\/image\/"}}]}},"_links":{"self":[{"href":"https:\/\/mirageburlesque.com\/fr\/wp-json\/wp\/v2\/pages\/197","targetHints":{"allow":["GET"]}}],"collection":[{"href":"https:\/\/mirageburlesque.com\/fr\/wp-json\/wp\/v2\/pages"}],"about":[{"href":"https:\/\/mirageburlesque.com\/fr\/wp-json\/wp\/v2\/types\/page"}],"author":[{"embeddable":true,"href":"https:\/\/mirageburlesque.com\/fr\/wp-json\/wp\/v2\/users\/1"}],"replies":[{"embeddable":true,"href":"https:\/\/mirageburlesque.com\/fr\/wp-json\/wp\/v2\/comments?post=197"}],"version-history":[{"count":5,"href":"https:\/\/mirageburlesque.com\/fr\/wp-json\/wp\/v2\/pages\/197\/revisions"}],"predecessor-version":[{"id":216,"href":"https:\/\/mirageburlesque.com\/fr\/wp-json\/wp\/v2\/pages\/197\/revisions\/216"}],"wp:featuredmedia":[{"embeddable":true,"href":"https:\/\/mirageburlesque.com\/fr\/wp-json\/wp\/v2\/media\/203"}],"wp:attachment":[{"href":"https:\/\/mirageburlesque.com\/fr\/wp-json\/wp\/v2\/media?parent=197"}],"curies":[{"name":"wp","href":"https:\/\/api.w.org\/{rel}","templated":true}]}}