{"id":184,"date":"2023-10-03T18:29:55","date_gmt":"2023-10-03T22:29:55","guid":{"rendered":"https:\/\/mirageburlesque.com\/privacy-policy\/"},"modified":"2024-02-01T13:49:09","modified_gmt":"2024-02-01T18:49:09","slug":"politique-de-confidentialite","status":"publish","type":"page","link":"https:\/\/mirageburlesque.com\/fr\/politique-de-confidentialite\/","title":{"rendered":"Politique de confidentialit\u00e9"},"content":{"rendered":"<div class=\"wpb-content-wrapper\"><p>[vc_row][vc_column][vc_column_text]Cette Politique de confidentialit\u00e9 d\u00e9crit la mani\u00e8re dont Mirage Burlesque (\u00ab\u00a0nous\u00a0\u00bb, \u00ab\u00a0notre\u00a0\u00bb ou \u00ab\u00a0nos\u00a0\u00bb) collecte, utilise et divulgue des informations lorsque vous utilisez notre site web [<a href=\"https:\/\/mirageburlesque.com\/fr\/\">mirageburlesque.com<\/a>]\u00a0(le \u00ab\u00a0Site\u00a0\u00bb).<\/p>\n<h3>Informations que nous ne collectons pas:<\/h3>\n<p>Nous ne collectons aucune information permettant votre identification personnelle (IIP) lorsque vous visitez notre site web. L&rsquo;IIP inclut des informations telles que votre nom, votre adresse, votre num\u00e9ro de t\u00e9l\u00e9phone ou votre adresse e-mail.<\/p>\n<h3>Informations collect\u00e9es automatiquement:<\/h3>\n<p>Comme de nombreux sites web, nous pouvons collecter automatiquement certaines informations, telles que le type de navigateur et le syst\u00e8me d&rsquo;exploitation que vous utilisez, votre adresse IP et le nom de domaine de votre fournisseur de services Internet. Ces informations sont utilis\u00e9es \u00e0 des fins statistiques pour am\u00e9liorer notre site et garantir sa compatibilit\u00e9 avec la majorit\u00e9 de nos visiteurs.<\/p>\n<h3>Cookies:<\/h3>\n<p>Nous n&rsquo;utilisons pas de cookies pour collecter des informations personnelles. Cependant, nous pouvons utiliser des cookies de session pour faciliter la navigation sur notre site. Ces cookies sont temporaires et expirent une fois que vous fermez votre navigateur.<\/p>\n<h3>Liens vers des tiers:<\/h3>\n<p>Notre site web peut contenir des liens vers des sites web de tiers. Veuillez noter que nous n&rsquo;avons aucun contr\u00f4le sur les pratiques de confidentialit\u00e9 de ces sites. Nous vous encourageons \u00e0 consulter les politiques de confidentialit\u00e9 de chaque site que vous visitez.<\/p>\n<h3>Coordonn\u00e9es:<\/h3>\n<p>Si vous avez des questions sur notre Politique de confidentialit\u00e9, veuillez nous contacter \u00e0 <a href=\"mailto:mirageburlesque@gmail.com\" target=\"_blank\" rel=\"noopener\">mirageburlesque@gmail.com<\/a>.<\/p>\n<h3>Modifications de cette Politique de confidentialit\u00e9:<\/h3>\n<p>Nous nous r\u00e9servons le droit de mettre \u00e0 jour ou de modifier notre Politique de confidentialit\u00e9 \u00e0 tout moment. Toute modification sera publi\u00e9e sur cette page, et la date de la derni\u00e8re mise \u00e0 jour sera indiqu\u00e9e en haut de la page.<\/p>\n<p>Derni\u00e8re mise \u00e0 jour : 1 f\u00e9vrier 2024<\/p>\n<p>En utilisant notre site web, vous consentez aux termes de cette Politique de confidentialit\u00e9.[\/vc_column_text][\/vc_column][\/vc_row]<\/p>\n<\/div>","protected":false},"excerpt":{"rendered":"<p>[vc_row][vc_column][vc_column_text]Cette Politique de confidentialit\u00e9 d\u00e9crit la mani\u00e8re dont Mirage Burlesque (\u00ab\u00a0nous\u00a0\u00bb, \u00ab\u00a0notre\u00a0\u00bb ou \u00ab\u00a0nos\u00a0\u00bb) collecte, utilise et divulgue des informations lorsque vous utilisez notre site web [mirageburlesque.com]\u00a0(le \u00ab\u00a0Site\u00a0\u00bb). Informations que nous ne collectons pas: Nous ne collectons aucune information permettant votre identification personnelle (IIP) lorsque vous visitez notre site web. L&rsquo;IIP inclut des informations telles&hellip;<\/p>\n","protected":false},"author":1,"featured_media":0,"parent":0,"menu_order":0,"comment_status":"closed","ping_status":"closed","template":"","meta":{"footnotes":""},"class_list":["post-184","page","type-page","status-publish","hentry","description-off"],"yoast_head":"<!-- This site is optimized with the Yoast SEO plugin v22.7 - https:\/\/yoast.com\/wordpress\/plugins\/seo\/ -->\n<title>Politique de confidentialit\u00e9 - Foxy Lexxi Presents: Mirage Burlesque<\/title>\n<meta name=\"robots\" content=\"index, follow, max-snippet:-1, max-image-preview:large, max-video-preview:-1\" \/>\n<link rel=\"canonical\" href=\"https:\/\/mirageburlesque.com\/fr\/politique-de-confidentialite\/\" \/>\n<meta property=\"og:locale\" content=\"fr_FR\" \/>\n<meta property=\"og:type\" content=\"article\" \/>\n<meta property=\"og:title\" content=\"Politique de confidentialit\u00e9 - Foxy Lexxi Presents: Mirage Burlesque\" \/>\n<meta property=\"og:description\" content=\"[vc_row][vc_column][vc_column_text]Cette Politique de confidentialit\u00e9 d\u00e9crit la mani\u00e8re dont Mirage Burlesque (\u00ab\u00a0nous\u00a0\u00bb, \u00ab\u00a0notre\u00a0\u00bb ou \u00ab\u00a0nos\u00a0\u00bb) collecte, utilise et divulgue des informations lorsque vous utilisez notre site web [mirageburlesque.com]\u00a0(le \u00ab\u00a0Site\u00a0\u00bb). Informations que nous ne collectons pas: Nous ne collectons aucune information permettant votre identification personnelle (IIP) lorsque vous visitez notre site web. L&rsquo;IIP inclut des informations telles&hellip;\" \/>\n<meta property=\"og:url\" content=\"https:\/\/mirageburlesque.com\/fr\/politique-de-confidentialite\/\" \/>\n<meta property=\"og:site_name\" content=\"Foxy Lexxi Presents: Mirage Burlesque\" \/>\n<meta property=\"article:modified_time\" content=\"2024-02-01T18:49:09+00:00\" \/>\n<meta name=\"twitter:card\" content=\"summary_large_image\" \/>\n<meta name=\"twitter:label1\" content=\"Dur\u00e9e de lecture estim\u00e9e\" \/>\n\t<meta name=\"twitter:data1\" content=\"2 minutes\" \/>\n<script type=\"application\/ld+json\" class=\"yoast-schema-graph\">{\"@context\":\"https:\/\/schema.org\",\"@graph\":[{\"@type\":\"WebPage\",\"@id\":\"https:\/\/mirageburlesque.com\/fr\/politique-de-confidentialite\/\",\"url\":\"https:\/\/mirageburlesque.com\/fr\/politique-de-confidentialite\/\",\"name\":\"Politique de confidentialit\u00e9 - Foxy Lexxi Presents: Mirage Burlesque\",\"isPartOf\":{\"@id\":\"https:\/\/mirageburlesque.com\/fr\/#website\"},\"datePublished\":\"2023-10-03T22:29:55+00:00\",\"dateModified\":\"2024-02-01T18:49:09+00:00\",\"breadcrumb\":{\"@id\":\"https:\/\/mirageburlesque.com\/fr\/politique-de-confidentialite\/#breadcrumb\"},\"inLanguage\":\"fr-FR\",\"potentialAction\":[{\"@type\":\"ReadAction\",\"target\":[\"https:\/\/mirageburlesque.com\/fr\/politique-de-confidentialite\/\"]}]},{\"@type\":\"BreadcrumbList\",\"@id\":\"https:\/\/mirageburlesque.com\/fr\/politique-de-confidentialite\/#breadcrumb\",\"itemListElement\":[{\"@type\":\"ListItem\",\"position\":1,\"name\":\"Home\",\"item\":\"https:\/\/mirageburlesque.com\/fr\/\"},{\"@type\":\"ListItem\",\"position\":2,\"name\":\"Politique de confidentialit\u00e9\"}]},{\"@type\":\"WebSite\",\"@id\":\"https:\/\/mirageburlesque.com\/fr\/#website\",\"url\":\"https:\/\/mirageburlesque.com\/fr\/\",\"name\":\"Foxy Lexxi Presents: Mirage Burlesque\",\"description\":\"Bal Burlesque Montr\u00e9al - Montreal Burlesque Ball\",\"publisher\":{\"@id\":\"https:\/\/mirageburlesque.com\/fr\/#organization\"},\"potentialAction\":[{\"@type\":\"SearchAction\",\"target\":{\"@type\":\"EntryPoint\",\"urlTemplate\":\"https:\/\/mirageburlesque.com\/fr\/?s={search_term_string}\"},\"query-input\":\"required name=search_term_string\"}],\"inLanguage\":\"fr-FR\"},{\"@type\":\"Organization\",\"@id\":\"https:\/\/mirageburlesque.com\/fr\/#organization\",\"name\":\"Mirage Burlesque\",\"url\":\"https:\/\/mirageburlesque.com\/fr\/\",\"logo\":{\"@type\":\"ImageObject\",\"inLanguage\":\"fr-FR\",\"@id\":\"https:\/\/mirageburlesque.com\/fr\/#\/schema\/logo\/image\/\",\"url\":\"https:\/\/mirageburlesque.com\/wp-content\/uploads\/2023\/10\/Bal-Burlesque-SEO-Logo.jpg\",\"contentUrl\":\"https:\/\/mirageburlesque.com\/wp-content\/uploads\/2023\/10\/Bal-Burlesque-SEO-Logo.jpg\",\"width\":800,\"height\":419,\"caption\":\"Mirage Burlesque\"},\"image\":{\"@id\":\"https:\/\/mirageburlesque.com\/fr\/#\/schema\/logo\/image\/\"}}]}<\/script>\n<!-- \/ Yoast SEO plugin. -->","yoast_head_json":{"title":"Politique de confidentialit\u00e9 - Foxy Lexxi Presents: Mirage Burlesque","robots":{"index":"index","follow":"follow","max-snippet":"max-snippet:-1","max-image-preview":"max-image-preview:large","max-video-preview":"max-video-preview:-1"},"canonical":"https:\/\/mirageburlesque.com\/fr\/politique-de-confidentialite\/","og_locale":"fr_FR","og_type":"article","og_title":"Politique de confidentialit\u00e9 - Foxy Lexxi Presents: Mirage Burlesque","og_description":"[vc_row][vc_column][vc_column_text]Cette Politique de confidentialit\u00e9 d\u00e9crit la mani\u00e8re dont Mirage Burlesque (\u00ab\u00a0nous\u00a0\u00bb, \u00ab\u00a0notre\u00a0\u00bb ou \u00ab\u00a0nos\u00a0\u00bb) collecte, utilise et divulgue des informations lorsque vous utilisez notre site web [mirageburlesque.com]\u00a0(le \u00ab\u00a0Site\u00a0\u00bb). Informations que nous ne collectons pas: Nous ne collectons aucune information permettant votre identification personnelle (IIP) lorsque vous visitez notre site web. L&rsquo;IIP inclut des informations telles&hellip;","og_url":"https:\/\/mirageburlesque.com\/fr\/politique-de-confidentialite\/","og_site_name":"Foxy Lexxi Presents: Mirage Burlesque","article_modified_time":"2024-02-01T18:49:09+00:00","twitter_card":"summary_large_image","twitter_misc":{"Dur\u00e9e de lecture estim\u00e9e":"2 minutes"},"schema":{"@context":"https:\/\/schema.org","@graph":[{"@type":"WebPage","@id":"https:\/\/mirageburlesque.com\/fr\/politique-de-confidentialite\/","url":"https:\/\/mirageburlesque.com\/fr\/politique-de-confidentialite\/","name":"Politique de confidentialit\u00e9 - Foxy Lexxi Presents: Mirage Burlesque","isPartOf":{"@id":"https:\/\/mirageburlesque.com\/fr\/#website"},"datePublished":"2023-10-03T22:29:55+00:00","dateModified":"2024-02-01T18:49:09+00:00","breadcrumb":{"@id":"https:\/\/mirageburlesque.com\/fr\/politique-de-confidentialite\/#breadcrumb"},"inLanguage":"fr-FR","potentialAction":[{"@type":"ReadAction","target":["https:\/\/mirageburlesque.com\/fr\/politique-de-confidentialite\/"]}]},{"@type":"BreadcrumbList","@id":"https:\/\/mirageburlesque.com\/fr\/politique-de-confidentialite\/#breadcrumb","itemListElement":[{"@type":"ListItem","position":1,"name":"Home","item":"https:\/\/mirageburlesque.com\/fr\/"},{"@type":"ListItem","position":2,"name":"Politique de confidentialit\u00e9"}]},{"@type":"WebSite","@id":"https:\/\/mirageburlesque.com\/fr\/#website","url":"https:\/\/mirageburlesque.com\/fr\/","name":"Foxy Lexxi Presents: Mirage Burlesque","description":"Bal Burlesque Montr\u00e9al - Montreal Burlesque Ball","publisher":{"@id":"https:\/\/mirageburlesque.com\/fr\/#organization"},"potentialAction":[{"@type":"SearchAction","target":{"@type":"EntryPoint","urlTemplate":"https:\/\/mirageburlesque.com\/fr\/?s={search_term_string}"},"query-input":"required name=search_term_string"}],"inLanguage":"fr-FR"},{"@type":"Organization","@id":"https:\/\/mirageburlesque.com\/fr\/#organization","name":"Mirage Burlesque","url":"https:\/\/mirageburlesque.com\/fr\/","logo":{"@type":"ImageObject","inLanguage":"fr-FR","@id":"https:\/\/mirageburlesque.com\/fr\/#\/schema\/logo\/image\/","url":"https:\/\/mirageburlesque.com\/wp-content\/uploads\/2023\/10\/Bal-Burlesque-SEO-Logo.jpg","contentUrl":"https:\/\/mirageburlesque.com\/wp-content\/uploads\/2023\/10\/Bal-Burlesque-SEO-Logo.jpg","width":800,"height":419,"caption":"Mirage Burlesque"},"image":{"@id":"https:\/\/mirageburlesque.com\/fr\/#\/schema\/logo\/image\/"}}]}},"_links":{"self":[{"href":"https:\/\/mirageburlesque.com\/fr\/wp-json\/wp\/v2\/pages\/184","targetHints":{"allow":["GET"]}}],"collection":[{"href":"https:\/\/mirageburlesque.com\/fr\/wp-json\/wp\/v2\/pages"}],"about":[{"href":"https:\/\/mirageburlesque.com\/fr\/wp-json\/wp\/v2\/types\/page"}],"author":[{"embeddable":true,"href":"https:\/\/mirageburlesque.com\/fr\/wp-json\/wp\/v2\/users\/1"}],"replies":[{"embeddable":true,"href":"https:\/\/mirageburlesque.com\/fr\/wp-json\/wp\/v2\/comments?post=184"}],"version-history":[{"count":2,"href":"https:\/\/mirageburlesque.com\/fr\/wp-json\/wp\/v2\/pages\/184\/revisions"}],"predecessor-version":[{"id":186,"href":"https:\/\/mirageburlesque.com\/fr\/wp-json\/wp\/v2\/pages\/184\/revisions\/186"}],"wp:attachment":[{"href":"https:\/\/mirageburlesque.com\/fr\/wp-json\/wp\/v2\/media?parent=184"}],"curies":[{"name":"wp","href":"https:\/\/api.w.org\/{rel}","templated":true}]}}