{"id":100,"date":"2023-11-25T09:08:15","date_gmt":"2023-11-25T14:08:15","guid":{"rendered":"https:\/\/mirageburlesque.com\/sponsorship\/"},"modified":"2024-02-07T19:33:11","modified_gmt":"2024-02-08T00:33:11","slug":"commanditaires","status":"publish","type":"page","link":"https:\/\/mirageburlesque.com\/fr\/commanditaires\/","title":{"rendered":"Commanditaires"},"content":{"rendered":"<div class=\"wpb-content-wrapper\"><p>[vc_row][vc_column][vc_column_text]<\/p>\n<h1>Devenez Partenaire de la nouvelle exp\u00e9rience \u00e0 Montr\u00e9al, Mirage | Burlesque Exp\u00e9rience<\/h1>\n<p>\u2728 MAGIQUE, SEXY, INCLUSIVE &amp; \u00c0 JAMAIS GLAMOUR \u2728<\/p>\n<p>Nous sommes ravis d\u2019annoncer la tenue prochaine de la nouvelle \u00e0 Montr\u00e9al, Mirage | Burlesque Exp\u00e9rience, une soir\u00e9e unique qui fusionne le glamour, l\u2019art du burlesque et une exp\u00e9rience sensorielle inoubliable. Pour faire de cet \u00e9v\u00e9nement un succ\u00e8s exceptionnel, nous sommes \u00e0 la recherche de partenaires et sponsors engag\u00e9s qui souhaitent participer \u00e0 cette aventure exaltante.[\/vc_column_text][vc_column_text]<\/p>\n<h2>Pourquoi devenir sponsor?<\/h2>\n<p>En devenant sponsor de Mirage | Burlesque Exp\u00e9rience, vous avez l\u2019opportunit\u00e9 exclusive de positionner votre entreprise au c\u0153ur de cet \u00e9v\u00e9nement exceptionnel. Profitez d\u2019une visibilit\u00e9 accrue, d\u2019une reconnaissance dans notre mat\u00e9riel promotionnel et d\u2019une occasion unique de vous connecter avec un public diversifi\u00e9 et passionn\u00e9.[\/vc_column_text][vc_column_text]<\/p>\n<h2>Avantages pour nos Sponsors :<\/h2>\n<ul>\n<li><strong>Visibilit\u00e9 :<\/strong> Obtenez une exposition maximale gr\u00e2ce \u00e0 notre campagne marketing \u00e9tendue, avec une pr\u00e9sence sur nos supports promotionnels, site web et r\u00e9seaux sociaux.<\/li>\n<li><strong>Exp\u00e9rience VIP :<\/strong> Profitez d\u2019avantages exclusifs, y compris des billets VIP, rencontre avec les artistes, des opportunit\u00e9s de r\u00e9seautage.<\/li>\n<li><strong>Responsabilit\u00e9 Sociale :<\/strong> Affirmez votre engagement envers la communaut\u00e9 et le soutien de l\u2019art et de la culture locale.<\/li>\n<\/ul>\n<p>[\/vc_column_text][vc_column_text]<\/p>\n<h2>Devenir un sponsor :<\/h2>\n<p>Si vous partagez notre passion pour l\u2019innovation artistique et le divertissement de qualit\u00e9, nous vous invitons \u00e0 explorer nos diff\u00e9rents niveaux de partenariat. Pour en savoir plus sur les opportunit\u00e9s de sponsoring, t\u00e9l\u00e9chargez notre <a href=\"https:\/\/mirageburlesque.com\/wp-content\/uploads\/2023\/11\/Mirage-Commanditaires.pdf\" target=\"_blank\" rel=\"noopener\">dossier de sponsoring<\/a> ou contactez-nous directement \u00e0 <a href=\"mailto:FoxyNightsEnt@outlook.com\" target=\"_blank\" rel=\"noopener\">FoxyNightsEnt@outlook.com<\/a> ou <a href=\"mailto:rkrief.mua@gmail.com\" target=\"_blank\" rel=\"noopener\">rkrief.mua@gmail.com<\/a>.<\/p>\n<p>Rejoignez-nous dans la cr\u00e9ation d\u2019une exp\u00e9rience inoubliable lors de Mirage | Burlesque Exp\u00e9rience. Ensemble, faisons de cet \u00e9v\u00e9nement un moment \u00e0 la fois magique, s\u00e9duisante, inclusive, et \u00e0 jamais glamour \u2728[\/vc_column_text][vc_btn title=\u00a0\u00bbDOSSIER DE SPONSORING\u00a0\u00bb style=\u00a0\u00bboutline-custom\u00a0\u00bb outline_custom_color=\u00a0\u00bb#d3872e\u00a0\u00bb outline_custom_hover_background=\u00a0\u00bb#11098d\u00a0\u00bb outline_custom_hover_text=\u00a0\u00bb#d3872e\u00a0\u00bb shape=\u00a0\u00bbsquare\u00a0\u00bb size=\u00a0\u00bblg\u00a0\u00bb i_icon_fontawesome=\u00a0\u00bbfas fa-file-pdf\u00a0\u00bb add_icon=\u00a0\u00bbtrue\u00a0\u00bb link=\u00a0\u00bburl:https%3A%2F%2Fmirageburlesque.com%2Fwp-content%2Fuploads%2F2024%2F02%2FMirage-Burlesque-Forfait-commanditaires.pdf|target:_blank\u00a0\u00bb][\/vc_column][\/vc_row]<\/p>\n<\/div>","protected":false},"excerpt":{"rendered":"<p>[vc_row][vc_column][vc_column_text] Devenez Partenaire de la nouvelle exp\u00e9rience \u00e0 Montr\u00e9al, Mirage | Burlesque Exp\u00e9rience \u2728 MAGIQUE, SEXY, INCLUSIVE &amp; \u00c0 JAMAIS GLAMOUR \u2728 Nous sommes ravis d\u2019annoncer la tenue prochaine de la nouvelle \u00e0 Montr\u00e9al, Mirage | Burlesque Exp\u00e9rience, une soir\u00e9e unique qui fusionne le glamour, l\u2019art du burlesque et une exp\u00e9rience sensorielle inoubliable. Pour faire&hellip;<\/p>\n","protected":false},"author":1,"featured_media":0,"parent":0,"menu_order":0,"comment_status":"closed","ping_status":"closed","template":"","meta":{"footnotes":""},"class_list":["post-100","page","type-page","status-publish","hentry","description-off"],"yoast_head":"<!-- This site is optimized with the Yoast SEO plugin v22.7 - https:\/\/yoast.com\/wordpress\/plugins\/seo\/ -->\n<title>Commanditaires - Foxy Lexxi Presents: Mirage Burlesque<\/title>\n<meta name=\"robots\" content=\"index, follow, max-snippet:-1, max-image-preview:large, max-video-preview:-1\" \/>\n<link rel=\"canonical\" href=\"https:\/\/mirageburlesque.com\/fr\/commanditaires\/\" \/>\n<meta property=\"og:locale\" content=\"fr_FR\" \/>\n<meta property=\"og:type\" content=\"article\" \/>\n<meta property=\"og:title\" content=\"Commanditaires - Foxy Lexxi Presents: Mirage Burlesque\" \/>\n<meta property=\"og:description\" content=\"[vc_row][vc_column][vc_column_text] Devenez Partenaire de la nouvelle exp\u00e9rience \u00e0 Montr\u00e9al, Mirage | Burlesque Exp\u00e9rience \u2728 MAGIQUE, SEXY, INCLUSIVE &amp; \u00c0 JAMAIS GLAMOUR \u2728 Nous sommes ravis d\u2019annoncer la tenue prochaine de la nouvelle \u00e0 Montr\u00e9al, Mirage | Burlesque Exp\u00e9rience, une soir\u00e9e unique qui fusionne le glamour, l\u2019art du burlesque et une exp\u00e9rience sensorielle inoubliable. Pour faire&hellip;\" \/>\n<meta property=\"og:url\" content=\"https:\/\/mirageburlesque.com\/fr\/commanditaires\/\" \/>\n<meta property=\"og:site_name\" content=\"Foxy Lexxi Presents: Mirage Burlesque\" \/>\n<meta property=\"article:modified_time\" content=\"2024-02-08T00:33:11+00:00\" \/>\n<meta name=\"twitter:card\" content=\"summary_large_image\" \/>\n<meta name=\"twitter:label1\" content=\"Dur\u00e9e de lecture estim\u00e9e\" \/>\n\t<meta name=\"twitter:data1\" content=\"2 minutes\" \/>\n<script type=\"application\/ld+json\" class=\"yoast-schema-graph\">{\"@context\":\"https:\/\/schema.org\",\"@graph\":[{\"@type\":\"WebPage\",\"@id\":\"https:\/\/mirageburlesque.com\/fr\/commanditaires\/\",\"url\":\"https:\/\/mirageburlesque.com\/fr\/commanditaires\/\",\"name\":\"Commanditaires - Foxy Lexxi Presents: Mirage Burlesque\",\"isPartOf\":{\"@id\":\"https:\/\/mirageburlesque.com\/fr\/#website\"},\"datePublished\":\"2023-11-25T14:08:15+00:00\",\"dateModified\":\"2024-02-08T00:33:11+00:00\",\"breadcrumb\":{\"@id\":\"https:\/\/mirageburlesque.com\/fr\/commanditaires\/#breadcrumb\"},\"inLanguage\":\"fr-FR\",\"potentialAction\":[{\"@type\":\"ReadAction\",\"target\":[\"https:\/\/mirageburlesque.com\/fr\/commanditaires\/\"]}]},{\"@type\":\"BreadcrumbList\",\"@id\":\"https:\/\/mirageburlesque.com\/fr\/commanditaires\/#breadcrumb\",\"itemListElement\":[{\"@type\":\"ListItem\",\"position\":1,\"name\":\"Home\",\"item\":\"https:\/\/mirageburlesque.com\/fr\/\"},{\"@type\":\"ListItem\",\"position\":2,\"name\":\"Commanditaires\"}]},{\"@type\":\"WebSite\",\"@id\":\"https:\/\/mirageburlesque.com\/fr\/#website\",\"url\":\"https:\/\/mirageburlesque.com\/fr\/\",\"name\":\"Foxy Lexxi Presents: Mirage Burlesque\",\"description\":\"Bal Burlesque Montr\u00e9al - Montreal Burlesque Ball\",\"publisher\":{\"@id\":\"https:\/\/mirageburlesque.com\/fr\/#organization\"},\"potentialAction\":[{\"@type\":\"SearchAction\",\"target\":{\"@type\":\"EntryPoint\",\"urlTemplate\":\"https:\/\/mirageburlesque.com\/fr\/?s={search_term_string}\"},\"query-input\":\"required name=search_term_string\"}],\"inLanguage\":\"fr-FR\"},{\"@type\":\"Organization\",\"@id\":\"https:\/\/mirageburlesque.com\/fr\/#organization\",\"name\":\"Mirage Burlesque\",\"url\":\"https:\/\/mirageburlesque.com\/fr\/\",\"logo\":{\"@type\":\"ImageObject\",\"inLanguage\":\"fr-FR\",\"@id\":\"https:\/\/mirageburlesque.com\/fr\/#\/schema\/logo\/image\/\",\"url\":\"https:\/\/mirageburlesque.com\/wp-content\/uploads\/2023\/10\/Bal-Burlesque-SEO-Logo.jpg\",\"contentUrl\":\"https:\/\/mirageburlesque.com\/wp-content\/uploads\/2023\/10\/Bal-Burlesque-SEO-Logo.jpg\",\"width\":800,\"height\":419,\"caption\":\"Mirage Burlesque\"},\"image\":{\"@id\":\"https:\/\/mirageburlesque.com\/fr\/#\/schema\/logo\/image\/\"}}]}<\/script>\n<!-- \/ Yoast SEO plugin. -->","yoast_head_json":{"title":"Commanditaires - Foxy Lexxi Presents: Mirage Burlesque","robots":{"index":"index","follow":"follow","max-snippet":"max-snippet:-1","max-image-preview":"max-image-preview:large","max-video-preview":"max-video-preview:-1"},"canonical":"https:\/\/mirageburlesque.com\/fr\/commanditaires\/","og_locale":"fr_FR","og_type":"article","og_title":"Commanditaires - Foxy Lexxi Presents: Mirage Burlesque","og_description":"[vc_row][vc_column][vc_column_text] Devenez Partenaire de la nouvelle exp\u00e9rience \u00e0 Montr\u00e9al, Mirage | Burlesque Exp\u00e9rience \u2728 MAGIQUE, SEXY, INCLUSIVE &amp; \u00c0 JAMAIS GLAMOUR \u2728 Nous sommes ravis d\u2019annoncer la tenue prochaine de la nouvelle \u00e0 Montr\u00e9al, Mirage | Burlesque Exp\u00e9rience, une soir\u00e9e unique qui fusionne le glamour, l\u2019art du burlesque et une exp\u00e9rience sensorielle inoubliable. Pour faire&hellip;","og_url":"https:\/\/mirageburlesque.com\/fr\/commanditaires\/","og_site_name":"Foxy Lexxi Presents: Mirage Burlesque","article_modified_time":"2024-02-08T00:33:11+00:00","twitter_card":"summary_large_image","twitter_misc":{"Dur\u00e9e de lecture estim\u00e9e":"2 minutes"},"schema":{"@context":"https:\/\/schema.org","@graph":[{"@type":"WebPage","@id":"https:\/\/mirageburlesque.com\/fr\/commanditaires\/","url":"https:\/\/mirageburlesque.com\/fr\/commanditaires\/","name":"Commanditaires - Foxy Lexxi Presents: Mirage Burlesque","isPartOf":{"@id":"https:\/\/mirageburlesque.com\/fr\/#website"},"datePublished":"2023-11-25T14:08:15+00:00","dateModified":"2024-02-08T00:33:11+00:00","breadcrumb":{"@id":"https:\/\/mirageburlesque.com\/fr\/commanditaires\/#breadcrumb"},"inLanguage":"fr-FR","potentialAction":[{"@type":"ReadAction","target":["https:\/\/mirageburlesque.com\/fr\/commanditaires\/"]}]},{"@type":"BreadcrumbList","@id":"https:\/\/mirageburlesque.com\/fr\/commanditaires\/#breadcrumb","itemListElement":[{"@type":"ListItem","position":1,"name":"Home","item":"https:\/\/mirageburlesque.com\/fr\/"},{"@type":"ListItem","position":2,"name":"Commanditaires"}]},{"@type":"WebSite","@id":"https:\/\/mirageburlesque.com\/fr\/#website","url":"https:\/\/mirageburlesque.com\/fr\/","name":"Foxy Lexxi Presents: Mirage Burlesque","description":"Bal Burlesque Montr\u00e9al - Montreal Burlesque Ball","publisher":{"@id":"https:\/\/mirageburlesque.com\/fr\/#organization"},"potentialAction":[{"@type":"SearchAction","target":{"@type":"EntryPoint","urlTemplate":"https:\/\/mirageburlesque.com\/fr\/?s={search_term_string}"},"query-input":"required name=search_term_string"}],"inLanguage":"fr-FR"},{"@type":"Organization","@id":"https:\/\/mirageburlesque.com\/fr\/#organization","name":"Mirage Burlesque","url":"https:\/\/mirageburlesque.com\/fr\/","logo":{"@type":"ImageObject","inLanguage":"fr-FR","@id":"https:\/\/mirageburlesque.com\/fr\/#\/schema\/logo\/image\/","url":"https:\/\/mirageburlesque.com\/wp-content\/uploads\/2023\/10\/Bal-Burlesque-SEO-Logo.jpg","contentUrl":"https:\/\/mirageburlesque.com\/wp-content\/uploads\/2023\/10\/Bal-Burlesque-SEO-Logo.jpg","width":800,"height":419,"caption":"Mirage Burlesque"},"image":{"@id":"https:\/\/mirageburlesque.com\/fr\/#\/schema\/logo\/image\/"}}]}},"_links":{"self":[{"href":"https:\/\/mirageburlesque.com\/fr\/wp-json\/wp\/v2\/pages\/100","targetHints":{"allow":["GET"]}}],"collection":[{"href":"https:\/\/mirageburlesque.com\/fr\/wp-json\/wp\/v2\/pages"}],"about":[{"href":"https:\/\/mirageburlesque.com\/fr\/wp-json\/wp\/v2\/types\/page"}],"author":[{"embeddable":true,"href":"https:\/\/mirageburlesque.com\/fr\/wp-json\/wp\/v2\/users\/1"}],"replies":[{"embeddable":true,"href":"https:\/\/mirageburlesque.com\/fr\/wp-json\/wp\/v2\/comments?post=100"}],"version-history":[{"count":3,"href":"https:\/\/mirageburlesque.com\/fr\/wp-json\/wp\/v2\/pages\/100\/revisions"}],"predecessor-version":[{"id":192,"href":"https:\/\/mirageburlesque.com\/fr\/wp-json\/wp\/v2\/pages\/100\/revisions\/192"}],"wp:attachment":[{"href":"https:\/\/mirageburlesque.com\/fr\/wp-json\/wp\/v2\/media?parent=100"}],"curies":[{"name":"wp","href":"https:\/\/api.w.org\/{rel}","templated":true}]}}